{"id":1696,"date":"2021-08-31T13:10:59","date_gmt":"2021-08-31T11:10:59","guid":{"rendered":"https:\/\/bg-edelstahl-dev.de\/automotive\/"},"modified":"2021-09-29T14:48:05","modified_gmt":"2021-09-29T12:48:05","slug":"automotive","status":"publish","type":"page","link":"https:\/\/bg-edelstahl.de\/en\/automotive\/","title":{"rendered":"Automotive"},"content":{"rendered":"\t\t<div data-elementor-type=\"wp-page\" data-elementor-id=\"1696\" class=\"elementor elementor-1696\" data-elementor-post-type=\"page\">\n\t\t\t\t\t\t<section class=\"ob-is-breaking-bad elementor-section elementor-top-section elementor-element elementor-element-bdf7356 elementor-section-boxed elementor-section-height-default elementor-section-height-default\" data-id=\"bdf7356\" data-element_type=\"section\" data-e-type=\"section\" data-settings=\"{&quot;_ob_bbad_use_it&quot;:&quot;yes&quot;,&quot;_ob_bbad_sssic_use&quot;:&quot;no&quot;,&quot;_ob_glider_is_slider&quot;:&quot;no&quot;}\">\n\t\t\t\t\t\t<div class=\"elementor-container elementor-column-gap-default\">\n\t\t\t\t\t<div class=\"elementor-column elementor-col-100 elementor-top-column elementor-element elementor-element-28d8cec\" data-id=\"28d8cec\" data-element_type=\"column\" data-e-type=\"column\" data-settings=\"{&quot;_ob_bbad_is_stalker&quot;:&quot;no&quot;,&quot;_ob_teleporter_use&quot;:false,&quot;_ob_column_hoveranimator&quot;:&quot;no&quot;,&quot;_ob_column_has_pseudo&quot;:&quot;no&quot;}\">\n\t\t\t<div class=\"elementor-widget-wrap elementor-element-populated\">\n\t\t\t\t\t\t<div class=\"elementor-element elementor-element-6aca620 ob-harakiri-inherit ob-has-background-overlay elementor-widget elementor-widget-heading\" data-id=\"6aca620\" data-element_type=\"widget\" data-e-type=\"widget\" data-settings=\"{&quot;_ob_use_harakiri&quot;:&quot;yes&quot;,&quot;_ob_harakiri_writing_mode&quot;:&quot;inherit&quot;,&quot;_ob_harakiri_text_clip&quot;:&quot;none&quot;,&quot;_ob_perspektive_use&quot;:&quot;no&quot;,&quot;_ob_poopart_use&quot;:&quot;yes&quot;,&quot;_ob_shadough_use&quot;:&quot;no&quot;,&quot;_ob_allow_hoveranimator&quot;:&quot;no&quot;,&quot;_ob_widget_stalker_use&quot;:&quot;no&quot;}\" data-widget_type=\"heading.default\">\n\t\t\t\t<div class=\"elementor-widget-container\">\n\t\t\t\t\t<span class=\"elementor-heading-title elementor-size-default\">F\u00fcr die Automobilindustrie produzieren wir seit Jahren erfolgreich Gestelle f\u00fcr den W\u00e4rmebehandlungsprozess.\nMit unserem Konstruktionsteam und professionellen Schwei\u00dfern planen und fertigen wir auch hier kundenwunschgerechte L\u00f6sungen und arbeiten dabei \u00e4u\u00dferst termingerecht und kosteneffizient.<\/span>\t\t\t\t<\/div>\n\t\t\t\t<\/div>\n\t\t\t\t\t<\/div>\n\t\t<\/div>\n\t\t\t\t\t<\/div>\n\t\t<\/section>\n\t\t\t\t<\/div>\n\t\t","protected":false},"excerpt":{"rendered":"","protected":false},"author":1,"featured_media":3047,"parent":0,"menu_order":0,"comment_status":"closed","ping_status":"closed","template":"","meta":{"_acf_changed":false,"footnotes":""},"tags":[37],"class_list":["post-1696","page","type-page","status-publish","has-post-thumbnail","hentry","tag-industry"],"acf":[],"yoast_head":"<!-- This site is optimized with the Yoast SEO plugin v27.4 - https:\/\/yoast.com\/product\/yoast-seo-wordpress\/ -->\n<title>Automotive - BG Edelstahl<\/title>\n<meta name=\"description\" content=\"Customized solutions for the automotive industry from bg edelstahl. We convince with years of experience. | bg-edelstahl.com\" \/>\n<meta name=\"robots\" content=\"index, follow, max-snippet:-1, max-image-preview:large, max-video-preview:-1\" \/>\n<link rel=\"canonical\" href=\"https:\/\/bg-edelstahl.de\/en\/automotive\/\" \/>\n<meta property=\"og:locale\" content=\"en_US\" \/>\n<meta property=\"og:type\" content=\"article\" \/>\n<meta property=\"og:title\" content=\"Automotive - BG Edelstahl\" \/>\n<meta property=\"og:description\" content=\"Customized solutions for the automotive industry from bg edelstahl. We convince with years of experience. | bg-edelstahl.com\" \/>\n<meta property=\"og:url\" content=\"https:\/\/bg-edelstahl.de\/en\/automotive\/\" \/>\n<meta property=\"og:site_name\" content=\"BG Edelstahl\" \/>\n<meta property=\"article:modified_time\" content=\"2021-09-29T12:48:05+00:00\" \/>\n<meta property=\"og:image\" content=\"https:\/\/bg-edelstahl.de\/wp-content\/uploads\/2021\/09\/hintergrund-blau-10.jpg\" \/>\n\t<meta property=\"og:image:width\" content=\"1980\" \/>\n\t<meta property=\"og:image:height\" content=\"300\" \/>\n\t<meta property=\"og:image:type\" content=\"image\/jpeg\" \/>\n<meta name=\"twitter:card\" content=\"summary_large_image\" \/>\n<script type=\"application\/ld+json\" class=\"yoast-schema-graph\">{\"@context\":\"https:\\\/\\\/schema.org\",\"@graph\":[{\"@type\":\"WebPage\",\"@id\":\"https:\\\/\\\/bg-edelstahl.de\\\/en\\\/automotive\\\/\",\"url\":\"https:\\\/\\\/bg-edelstahl.de\\\/en\\\/automotive\\\/\",\"name\":\"Automotive - BG Edelstahl\",\"isPartOf\":{\"@id\":\"https:\\\/\\\/bg-edelstahl.de\\\/#website\"},\"primaryImageOfPage\":{\"@id\":\"https:\\\/\\\/bg-edelstahl.de\\\/en\\\/automotive\\\/#primaryimage\"},\"image\":{\"@id\":\"https:\\\/\\\/bg-edelstahl.de\\\/en\\\/automotive\\\/#primaryimage\"},\"thumbnailUrl\":\"https:\\\/\\\/bg-edelstahl.de\\\/wp-content\\\/uploads\\\/2021\\\/09\\\/hintergrund-blau-10.jpg\",\"datePublished\":\"2021-08-31T11:10:59+00:00\",\"dateModified\":\"2021-09-29T12:48:05+00:00\",\"description\":\"Customized solutions for the automotive industry from bg edelstahl. We convince with years of experience. | bg-edelstahl.com\",\"breadcrumb\":{\"@id\":\"https:\\\/\\\/bg-edelstahl.de\\\/en\\\/automotive\\\/#breadcrumb\"},\"inLanguage\":\"en-US\",\"potentialAction\":[{\"@type\":\"ReadAction\",\"target\":[\"https:\\\/\\\/bg-edelstahl.de\\\/en\\\/automotive\\\/\"]}]},{\"@type\":\"ImageObject\",\"inLanguage\":\"en-US\",\"@id\":\"https:\\\/\\\/bg-edelstahl.de\\\/en\\\/automotive\\\/#primaryimage\",\"url\":\"https:\\\/\\\/bg-edelstahl.de\\\/wp-content\\\/uploads\\\/2021\\\/09\\\/hintergrund-blau-10.jpg\",\"contentUrl\":\"https:\\\/\\\/bg-edelstahl.de\\\/wp-content\\\/uploads\\\/2021\\\/09\\\/hintergrund-blau-10.jpg\",\"width\":1980,\"height\":300},{\"@type\":\"BreadcrumbList\",\"@id\":\"https:\\\/\\\/bg-edelstahl.de\\\/en\\\/automotive\\\/#breadcrumb\",\"itemListElement\":[{\"@type\":\"ListItem\",\"position\":1,\"name\":\"Startseite\",\"item\":\"https:\\\/\\\/bg-edelstahl.de\\\/en\\\/\"},{\"@type\":\"ListItem\",\"position\":2,\"name\":\"Automotive\"}]},{\"@type\":\"WebSite\",\"@id\":\"https:\\\/\\\/bg-edelstahl.de\\\/#website\",\"url\":\"https:\\\/\\\/bg-edelstahl.de\\\/\",\"name\":\"BG Edelstahl\",\"description\":\"Eine weitere WordPress-Website\",\"publisher\":{\"@id\":\"https:\\\/\\\/bg-edelstahl.de\\\/#organization\"},\"potentialAction\":[{\"@type\":\"SearchAction\",\"target\":{\"@type\":\"EntryPoint\",\"urlTemplate\":\"https:\\\/\\\/bg-edelstahl.de\\\/?s={search_term_string}\"},\"query-input\":{\"@type\":\"PropertyValueSpecification\",\"valueRequired\":true,\"valueName\":\"search_term_string\"}}],\"inLanguage\":\"en-US\"},{\"@type\":\"Organization\",\"@id\":\"https:\\\/\\\/bg-edelstahl.de\\\/#organization\",\"name\":\"BG Edelstahl\",\"url\":\"https:\\\/\\\/bg-edelstahl.de\\\/\",\"logo\":{\"@type\":\"ImageObject\",\"inLanguage\":\"en-US\",\"@id\":\"https:\\\/\\\/bg-edelstahl.de\\\/#\\\/schema\\\/logo\\\/image\\\/\",\"url\":\"https:\\\/\\\/bg-edelstahl.de\\\/wp-content\\\/uploads\\\/2021\\\/08\\\/Gruppe-182.svg\",\"contentUrl\":\"https:\\\/\\\/bg-edelstahl.de\\\/wp-content\\\/uploads\\\/2021\\\/08\\\/Gruppe-182.svg\",\"caption\":\"BG Edelstahl\"},\"image\":{\"@id\":\"https:\\\/\\\/bg-edelstahl.de\\\/#\\\/schema\\\/logo\\\/image\\\/\"}}]}<\/script>\n<!-- \/ Yoast SEO plugin. -->","yoast_head_json":{"title":"Automotive - BG Edelstahl","description":"Customized solutions for the automotive industry from bg edelstahl. We convince with years of experience. | bg-edelstahl.com","robots":{"index":"index","follow":"follow","max-snippet":"max-snippet:-1","max-image-preview":"max-image-preview:large","max-video-preview":"max-video-preview:-1"},"canonical":"https:\/\/bg-edelstahl.de\/en\/automotive\/","og_locale":"en_US","og_type":"article","og_title":"Automotive - BG Edelstahl","og_description":"Customized solutions for the automotive industry from bg edelstahl. We convince with years of experience. | bg-edelstahl.com","og_url":"https:\/\/bg-edelstahl.de\/en\/automotive\/","og_site_name":"BG Edelstahl","article_modified_time":"2021-09-29T12:48:05+00:00","og_image":[{"width":1980,"height":300,"url":"https:\/\/bg-edelstahl.de\/wp-content\/uploads\/2021\/09\/hintergrund-blau-10.jpg","type":"image\/jpeg"}],"twitter_card":"summary_large_image","schema":{"@context":"https:\/\/schema.org","@graph":[{"@type":"WebPage","@id":"https:\/\/bg-edelstahl.de\/en\/automotive\/","url":"https:\/\/bg-edelstahl.de\/en\/automotive\/","name":"Automotive - BG Edelstahl","isPartOf":{"@id":"https:\/\/bg-edelstahl.de\/#website"},"primaryImageOfPage":{"@id":"https:\/\/bg-edelstahl.de\/en\/automotive\/#primaryimage"},"image":{"@id":"https:\/\/bg-edelstahl.de\/en\/automotive\/#primaryimage"},"thumbnailUrl":"https:\/\/bg-edelstahl.de\/wp-content\/uploads\/2021\/09\/hintergrund-blau-10.jpg","datePublished":"2021-08-31T11:10:59+00:00","dateModified":"2021-09-29T12:48:05+00:00","description":"Customized solutions for the automotive industry from bg edelstahl. We convince with years of experience. | bg-edelstahl.com","breadcrumb":{"@id":"https:\/\/bg-edelstahl.de\/en\/automotive\/#breadcrumb"},"inLanguage":"en-US","potentialAction":[{"@type":"ReadAction","target":["https:\/\/bg-edelstahl.de\/en\/automotive\/"]}]},{"@type":"ImageObject","inLanguage":"en-US","@id":"https:\/\/bg-edelstahl.de\/en\/automotive\/#primaryimage","url":"https:\/\/bg-edelstahl.de\/wp-content\/uploads\/2021\/09\/hintergrund-blau-10.jpg","contentUrl":"https:\/\/bg-edelstahl.de\/wp-content\/uploads\/2021\/09\/hintergrund-blau-10.jpg","width":1980,"height":300},{"@type":"BreadcrumbList","@id":"https:\/\/bg-edelstahl.de\/en\/automotive\/#breadcrumb","itemListElement":[{"@type":"ListItem","position":1,"name":"Startseite","item":"https:\/\/bg-edelstahl.de\/en\/"},{"@type":"ListItem","position":2,"name":"Automotive"}]},{"@type":"WebSite","@id":"https:\/\/bg-edelstahl.de\/#website","url":"https:\/\/bg-edelstahl.de\/","name":"BG Edelstahl","description":"Eine weitere WordPress-Website","publisher":{"@id":"https:\/\/bg-edelstahl.de\/#organization"},"potentialAction":[{"@type":"SearchAction","target":{"@type":"EntryPoint","urlTemplate":"https:\/\/bg-edelstahl.de\/?s={search_term_string}"},"query-input":{"@type":"PropertyValueSpecification","valueRequired":true,"valueName":"search_term_string"}}],"inLanguage":"en-US"},{"@type":"Organization","@id":"https:\/\/bg-edelstahl.de\/#organization","name":"BG Edelstahl","url":"https:\/\/bg-edelstahl.de\/","logo":{"@type":"ImageObject","inLanguage":"en-US","@id":"https:\/\/bg-edelstahl.de\/#\/schema\/logo\/image\/","url":"https:\/\/bg-edelstahl.de\/wp-content\/uploads\/2021\/08\/Gruppe-182.svg","contentUrl":"https:\/\/bg-edelstahl.de\/wp-content\/uploads\/2021\/08\/Gruppe-182.svg","caption":"BG Edelstahl"},"image":{"@id":"https:\/\/bg-edelstahl.de\/#\/schema\/logo\/image\/"}}]}},"_links":{"self":[{"href":"https:\/\/bg-edelstahl.de\/en\/wp-json\/wp\/v2\/pages\/1696","targetHints":{"allow":["GET"]}}],"collection":[{"href":"https:\/\/bg-edelstahl.de\/en\/wp-json\/wp\/v2\/pages"}],"about":[{"href":"https:\/\/bg-edelstahl.de\/en\/wp-json\/wp\/v2\/types\/page"}],"author":[{"embeddable":true,"href":"https:\/\/bg-edelstahl.de\/en\/wp-json\/wp\/v2\/users\/1"}],"replies":[{"embeddable":true,"href":"https:\/\/bg-edelstahl.de\/en\/wp-json\/wp\/v2\/comments?post=1696"}],"version-history":[{"count":1,"href":"https:\/\/bg-edelstahl.de\/en\/wp-json\/wp\/v2\/pages\/1696\/revisions"}],"predecessor-version":[{"id":2886,"href":"https:\/\/bg-edelstahl.de\/en\/wp-json\/wp\/v2\/pages\/1696\/revisions\/2886"}],"wp:featuredmedia":[{"embeddable":true,"href":"https:\/\/bg-edelstahl.de\/en\/wp-json\/wp\/v2\/media\/3047"}],"wp:attachment":[{"href":"https:\/\/bg-edelstahl.de\/en\/wp-json\/wp\/v2\/media?parent=1696"}],"wp:term":[{"taxonomy":"post_tag","embeddable":true,"href":"https:\/\/bg-edelstahl.de\/en\/wp-json\/wp\/v2\/tags?post=1696"}],"curies":[{"name":"wp","href":"https:\/\/api.w.org\/{rel}","templated":true}]}}